{"id":6,"date":"2020-06-02T17:52:42","date_gmt":"2020-06-02T20:52:42","guid":{"rendered":"https:\/\/onehealthempresa.com.br\/canal-de-vendas\/?page_id=6"},"modified":"2022-06-20T11:46:23","modified_gmt":"2022-06-20T14:46:23","slug":"home","status":"publish","type":"page","link":"https:\/\/onehealthempresa.com.br\/canal-de-vendas\/","title":{"rendered":"Home"},"content":{"rendered":"<div class=\"slider-wrapper relative\" id=\"slider-404113498\" >\n    <div class=\"slider slider-nav-reveal slider-nav-large slider-nav-light slider-style-normal\"\n        data-flickity-options='{\n            \"cellAlign\": \"center\",\n            \"imagesLoaded\": true,\n            \"lazyLoad\": 1,\n            \"freeScroll\": false,\n            \"wrapAround\": true,\n            \"autoPlay\": 6000,\n            \"pauseAutoPlayOnHover\" : true,\n            \"prevNextButtons\": false,\n            \"contain\" : true,\n            \"adaptiveHeight\" : true,\n            \"dragThreshold\" : 10,\n            \"percentPosition\": true,\n            \"pageDots\": false,\n            \"rightToLeft\": false,\n            \"draggable\": true,\n            \"selectedAttraction\": 0.1,\n            \"parallax\" : 0,\n            \"friction\": 0.6        }'\n        >\n        \n\n  <div class=\"banner has-hover has-slide-effect slide-fade-in-fast\" id=\"banner-1089969348\">\n          <div class=\"banner-inner fill\">\n        <div class=\"banner-bg fill\" >\n            <div class=\"bg fill bg-fill \"><\/div>\n                        <div class=\"overlay\"><\/div>            \n                    <\/div>\n        <div class=\"banner-layers container\">\n            <div class=\"fill banner-link\"><\/div>            \n   <div id=\"text-box-152930330\" class=\"text-box banner-layer x5 md-x5 lg-x5 y50 md-y50 lg-y50 res-text\">\n                                <div class=\"text box-shadow-3 dark\">\n              \n              <div class=\"text-inner text-left\">\n                  \n<h2 class=\"uppercase\"><strong>ONE HEALTH<\/strong><\/h2>\n<p>Conta com diversos planos feitos sob medida para atender \u00e0s suas necessidades ou da sua empresa.<\/p>\n<a href=\"#orcamento\" target=\"_self\" class=\"button secondary\"  style=\"border-radius:99px;\">\n    <span>SIMULAR PLANO<\/span>\n  <\/a>\n\n<a href=\"#amil-one\" target=\"_self\" class=\"button white is-outline\"  style=\"border-radius:99px;\">\n    <span>SAIBA MAIS<\/span>\n  <\/a>\n\n              <\/div>\n           <\/div>\n                            \n<style>\n#text-box-152930330 .text {\n  background-color: rgba(205, 0, 11, 0.622);\n  border-radius: 23px;\n  font-size: 100%;\n}\n#text-box-152930330 .text-inner {\n  padding: 30px 30px 30px 30px;\n}\n#text-box-152930330 {\n  width: 86%;\n}\n@media (min-width:550px) {\n  #text-box-152930330 {\n    width: 44%;\n  }\n}\n<\/style>\n    <\/div>\n \n        <\/div>\n      <\/div>\n\n            \n<style>\n#banner-1089969348 {\n  padding-top: 568px;\n  background-color: rgb(255, 255, 255);\n}\n#banner-1089969348 .bg.bg-loaded {\n  background-image: url(https:\/\/onehealthempresa.com.br\/canal-de-vendas\/wp-content\/uploads\/2022\/05\/whatsapp-1024x512-1.jpg);\n}\n#banner-1089969348 .overlay {\n  background-color: rgba(0, 0, 0, 0.12);\n}\n#banner-1089969348 .bg {\n  background-position: 66% 61%;\n}\n<\/style>\n  <\/div>\n\n\n     <\/div>\n\n     <div class=\"loading-spin dark large centered\"><\/div>\n\n     <\/div>\n\n\n\t<section class=\"section\" id=\"section_936438641\">\n\t\t<div class=\"bg section-bg fill bg-fill  bg-loaded\" >\n\n\t\t\t\n\t\t\t\n\t\t\t\n\n\t\t<\/div>\n\n\t\t<div class=\"section-content relative\">\n\t\t\t\n<span class=\"scroll-to\" data-label=\"Scroll to: #amil-one\" data-bullet=\"false\" data-link=\"#amil-one\" data-title=\"amil-one\"><a name=\"amil-one\"><\/a><\/span>\n\t<div id=\"gap-1976889466\" class=\"gap-element clearfix\" style=\"display:block; height:auto;\">\n\t\t\n<style>\n#gap-1976889466 {\n  padding-top: 30px;\n}\n<\/style>\n\t<\/div>\n\t\n<div class=\"row align-middle\"  id=\"row-1624810800\">\n\n\t<div id=\"col-2046473864\" class=\"col medium-11 small-11 large-7\"  >\n\t\t<div class=\"col-inner\"  >\n\t\t\t\n\t\t\t\n\t<div id=\"gap-936571638\" class=\"gap-element clearfix\" style=\"display:block; height:auto;\">\n\t\t\n<style>\n#gap-936571638 {\n  padding-top: 70px;\n}\n<\/style>\n\t<\/div>\n\t\n<h1 class=\"uppercase\"><span style=\"font-size: 120%;\">CONHE\u00c7A O PLANO<\/span><\/h1>\n<p><strong>Um plano de sa\u00fade diferenciado para um p\u00fablico sofisticado, que n\u00e3o quer nada sen\u00e3o o melhor<\/strong><\/p>\n<p>A One Health oferece uma experi\u00eancia \u00fanica para seus benefici\u00e1rios, atrav\u00e9s de um modelo moderno de atendimento, somado \u00e0 medicina de ponta e servi\u00e7os extraclasse, unindo conveni\u00eancia com sofistica\u00e7\u00e3o.<\/p>\n<a href=\"#diferenciais\" target=\"_self\" class=\"button primary\"  style=\"border-radius:99px;\">\n    <span>DIFERENCIAIS<\/span>\n  <\/a>\n\n<a href=\"#orcamento\" target=\"_self\" class=\"button secondary\"  style=\"border-radius:99px;\">\n    <span>SIMULAR PLANO<\/span>\n  <\/a>\n\n\t<div id=\"gap-1409672543\" class=\"gap-element clearfix\" style=\"display:block; height:auto;\">\n\t\t\n<style>\n#gap-1409672543 {\n  padding-top: 6px;\n}\n<\/style>\n\t<\/div>\n\t\n\t\t<\/div>\n\t\t\n<style>\n#col-2046473864 > .col-inner {\n  padding: 0px 0px 0px 30px;\n}\n<\/style>\n\t<\/div>\n\n\t\n\n\t<div id=\"col-2143636078\" class=\"col hide-for-medium medium-1 small-12 large-5\"  >\n\t\t<div class=\"col-inner\"  >\n\t\t\t\n\t\t\t\n\n  <div class=\"banner has-hover\" id=\"banner-1247000069\">\n          <div class=\"banner-inner fill\">\n        <div class=\"banner-bg fill\" >\n            <div class=\"bg fill bg-fill \"><\/div>\n                                    \n                    <\/div>\n        <div class=\"banner-layers container\">\n            <div class=\"fill banner-link\"><\/div>            \n   <div id=\"text-box-799060782\" class=\"text-box banner-layer x50 md-x50 lg-x50 y50 md-y50 lg-y50 res-text\">\n                                <div class=\"text dark\">\n              \n              <div class=\"text-inner text-center\">\n                  \n              <\/div>\n           <\/div>\n                            \n<style>\n#text-box-799060782 {\n  width: 60%;\n}\n#text-box-799060782 .text {\n  font-size: 100%;\n}\n<\/style>\n    <\/div>\n \n        <\/div>\n      <\/div>\n\n            \n<style>\n#banner-1247000069 {\n  padding-top: 373px;\n}\n#banner-1247000069 .bg.bg-loaded {\n  background-image: url(https:\/\/onehealthempresa.com.br\/canal-de-vendas\/wp-content\/uploads\/2022\/05\/one-lincx.jpg);\n}\n#banner-1247000069 .bg {\n  background-position: 6% 19%;\n}\n<\/style>\n  <\/div>\n\n\n\t\t<\/div>\n\t\t\t<\/div>\n\n\t\n<\/div>\n\t\t<\/div>\n\n\t\t\n<style>\n#section_936438641 {\n  padding-top: 30px;\n  padding-bottom: 30px;\n  background-color: rgb(255, 255, 255);\n}\n<\/style>\n\t<\/section>\n\t\n\t<section class=\"section dark\" id=\"section_1798028107\">\n\t\t<div class=\"bg section-bg fill bg-fill  bg-loaded\" >\n\n\t\t\t\n\t\t\t<div class=\"section-bg-overlay absolute fill\"><\/div>\n\t\t\t\n\n\t\t<\/div>\n\n\t\t<div class=\"section-content relative\">\n\t\t\t\n<div class=\"row align-center\"  id=\"row-1599564391\">\n\n\t<div id=\"col-1430486191\" class=\"col medium-7 small-9 large-7\"  >\n\t\t<div class=\"col-inner text-center\"  >\n\t\t\t\n\t\t\t\n<span class=\"scroll-to\" data-label=\"Scroll to: #diferenciais\" data-bullet=\"false\" data-link=\"#diferenciais\" data-title=\"diferenciais\"><a name=\"diferenciais\"><\/a><\/span>\n\t<div id=\"gap-1271802506\" class=\"gap-element clearfix\" style=\"display:block; height:auto;\">\n\t\t\n<style>\n#gap-1271802506 {\n  padding-top: 25px;\n}\n<\/style>\n\t<\/div>\n\t\n<h1 class=\"uppercase\"><span style=\"font-size: 115%;\">DIFERENCIAIS<\/span><\/h1>\n\t\t<\/div>\n\t\t\t<\/div>\n\n\t\n<\/div>\n<div class=\"row row-small align-center\"  id=\"row-783090761\">\n\n\t<div id=\"col-1609572460\" class=\"col medium-4 small-9 large-4\"  >\n\t\t<div class=\"col-inner text-center\"  >\n\t\t\t\n\t\t\t\n\n\t\t<div class=\"icon-box featured-box icon-box-center text-center\"  >\n\t\t\t\t<div class=\"icon-box-text last-reset\">\n\t\t\t\t\t\t\t\t\t\n<h3 class=\"uppercase\">REde credenciada exclusiva<\/h3>\n<p>A Amil One se preocupa em selecionar criteriosamente a sua Rede Credenciada. Por isso, todos os clientes possuem acesso a servi\u00e7os que s\u00e3o refer\u00eancias no segmento de atua\u00e7\u00e3o, trazendo mais tranquilidade e seguran\u00e7a.<\/p>\n<p>Os clientes Amil One podem contar com alguns dos melhores especialistas, hospitais, laborat\u00f3rios e cl\u00ednicas, em todo o territ\u00f3rio nacional.<\/p>\n\t\t<\/div>\n\t<\/div>\n\t\n\t\n\t\t<\/div>\n\t\t\t<\/div>\n\n\t\n\n\t<div id=\"col-675495919\" class=\"col medium-4 small-9 large-4\"  >\n\t\t<div class=\"col-inner text-center\"  >\n\t\t\t\n\t\t\t\n<h3 class=\"uppercase\">RETAGUARDA COMPLETA<\/h3>\n<p>A Amil One conta com as equipes de retaguarda dos hospitais mais renomados do pa\u00eds. Todos os produtos da linha Amil One t\u00eam como diferencial o corpo cl\u00ednico que comp\u00f5e a retaguarda dos Hospitais Albert Einstein e S\u00edrio Liban\u00eas, em S\u00e3o Paulo, e Samaritano Barra e Botafogo, no Rio de Janeiro.<\/p>\n<p>Oferecer esse diferencial \u00e9 traduzir todo o cuidado e o carinho que temos com nosso cliente.\u00a0<\/p>\n\t\t<\/div>\n\t\t\t<\/div>\n\n\t\n\n\t<div id=\"col-1872407311\" class=\"col medium-4 small-9 large-4\"  >\n\t\t<div class=\"col-inner text-center\"  >\n\t\t\t\n\t\t\t\n<h3 class=\"uppercase\">reembolso<\/h3>\n<p>Pensando em comodidade, a Amil One disponibiliza solicita\u00e7\u00f5es de reembolso por meio do site e do aplicativo Amil Clientes\u00b9. <\/p>\n<p>Quando atendido por profissionais que n\u00e3o pertencem \u00e0 Rede Credenciada, o cliente pode solicitar os reembolsos de forma 100% digital para consultas m\u00e9dicas e exames simples de at\u00e9 R$ 1.200,00, com aprova\u00e7\u00e3o em 24h \u00fateis\u00b2.\u00a0<\/p>\n\t\t<\/div>\n\t\t\t<\/div>\n\n\t\n<\/div>\n<div class=\"row row-small align-center\"  id=\"row-916046723\">\n\n\t<div id=\"col-1733952794\" class=\"col medium-4 small-9 large-4\"  >\n\t\t<div class=\"col-inner text-center\"  >\n\t\t\t\n\t\t\t\n\n\t\t<div class=\"icon-box featured-box icon-box-center text-center\"  >\n\t\t\t\t<div class=\"icon-box-text last-reset\">\n\t\t\t\t\t\t\t\t\t\n<h3 class=\"uppercase\">coleta domiciliar de exames<\/h3>\n<p>A coleta para exames cl\u00ednicos pode ser realizada na resid\u00eancia do cliente. Mais uma conveni\u00eancia \u00fanica Amil One <\/p>\n<p>Dispon\u00edvel em: S\u00e3o Paulo, Campinas, Belo Horizonte, Recife, Curitiba, Rio de Janeiro, Distrito Federal, Natal, e Fortaleza.<\/p>\n\t\t<\/div>\n\t<\/div>\n\t\n\t\n\t\t<\/div>\n\t\t\t<\/div>\n\n\t\n\n\t<div id=\"col-1895454824\" class=\"col medium-4 small-9 large-4\"  >\n\t\t<div class=\"col-inner text-center\"  >\n\t\t\t\n\t\t\t\n<h3 class=\"uppercase\">VACINAS<\/h3>\n<p>Todos os planos Amil One oferecem uma ampla cobertura de vacinas.<\/p>\n<p>\u2022 Cobertura em nossa Rede Credenciada, que conta com as mais renomadas cl\u00ednicas de vacina\u00e7\u00e3o e tamb\u00e9m por reembolso\u00b3<br \/>\u2022 Cobertura de Vacina do Viajante<\/p>\n\t\t<\/div>\n\t\t\t<\/div>\n\n\t\n\n\t<div id=\"col-65405972\" class=\"col medium-11 small-9 large-11\"  >\n\t\t<div class=\"col-inner text-center\"  >\n\t\t\t\n\t\t\t\n<p style=\"font-size: 11px;\">\u00b9. J\u00e1 dispon\u00edvel para Android, em breve para iOS <br \/>\u00b2. Prazo de aprova\u00e7\u00e3o v\u00e1lido somente para consultas m\u00e9dicas e exames simples de at\u00e9 R$ 1.200,00. <br \/>Para os demais procedimentos, o reembolso \u00e9 feito em sete dias \u00fateis.<br \/>\u00b3\u00a0Reembolso conforme tabela do plano contratado.<\/p>\n\t\t<\/div>\n\t\t\t<\/div>\n\n\t\n<\/div>\n<div class=\"message-box relative dark\" style=\"padding-top:15px;padding-bottom:15px;\"><div class=\"message-box-bg-image bg-fill fill\" ><\/div><div class=\"message-box-bg-overlay bg-fill fill\" style=\"background-color:rgb(205, 0, 11);\"><\/div><div class=\"container relative\"><div class=\"inner last-reset\">\n<div class=\"row align-middle align-center\"  id=\"row-257049041\">\n\n\t<div id=\"col-1551504939\" class=\"col medium-8 small-12 large-8\"  >\n\t\t<div class=\"col-inner\"  >\n\t\t\t\n\t\t\t\n<h2 align=\"center\">FA\u00c7A UMA COTA\u00c7\u00c3O PERSONALIZADA DO PLANO ONEHEALTH AGORA MESMO!<\/h2>\n\t\t<\/div>\n\t\t\t<\/div>\n\n\t\n\n\t<div id=\"col-1082341035\" class=\"col medium-3 small-12 large-3\"  >\n\t\t<div class=\"col-inner text-center\"  >\n\t\t\t\n\t\t\t\n<a href=\"#orcamento\" target=\"_self\" class=\"button secondary is-large\"  style=\"border-radius:99px;\">\n    <span>simular plano<\/span>\n  <\/a>\n\n\t\t<\/div>\n\t\t\t<\/div>\n\n\t\n<\/div>\n<\/div><\/div><\/div>\n\t\t<\/div>\n\n\t\t\n<style>\n#section_1798028107 {\n  padding-top: 60px;\n  padding-bottom: 60px;\n}\n#section_1798028107 .section-bg-overlay {\n  background-color: rgb(205, 0, 11);\n}\n<\/style>\n\t<\/section>\n\t\n\t<section class=\"section\" id=\"section_6947827\">\n\t\t<div class=\"bg section-bg fill bg-fill  bg-loaded\" >\n\n\t\t\t\n\t\t\t<div class=\"section-bg-overlay absolute fill\"><\/div>\n\t\t\t\n\n\t\t<\/div>\n\n\t\t<div class=\"section-content relative\">\n\t\t\t\n<div class=\"row align-center\"  id=\"row-508676860\">\n\n\t<div id=\"col-1786414947\" class=\"col medium-7 small-9 large-7\"  >\n\t\t<div class=\"col-inner text-center\"  >\n\t\t\t\n\t\t\t\n<span class=\"scroll-to\" data-label=\"Scroll to: #rede-credenciada\" data-bullet=\"false\" data-link=\"#rede-credenciada\" data-title=\"rede-credenciada\"><a name=\"rede-credenciada\"><\/a><\/span>\n\t<div id=\"gap-133471934\" class=\"gap-element clearfix\" style=\"display:block; height:auto;\">\n\t\t\n<style>\n#gap-133471934 {\n  padding-top: 25px;\n}\n<\/style>\n\t<\/div>\n\t\n<h1 class=\"uppercase\"><span style=\"font-size: 115%;\">REDE CREDENCIADA<\/span><\/h1>\n\t\t<\/div>\n\t\t\t<\/div>\n\n\t\n<\/div>\n<div class=\"row align-center\"  id=\"row-1557742430\">\n\n\t<div id=\"col-1065380419\" class=\"col small-9 large-12\"  >\n\t\t<div class=\"col-inner text-center\"  >\n\t\t\t\n\t\t\t\n<p><object data=\"https:\/\/onehealthempresa.com.br\/canal-de-vendas\/wp-content\/uploads\/2020\/07\/REDE-CREDENCIADA-AMIL-ONE.pdf\" type=\"application\/pdf\" width=\"100%\" height=\"800px\"><p>Parece que voc\u00ea n\u00e3o tem um plugin necess\u00e1rio para a abertura desse arquivo no seu navegador. <a href=\"https:\/\/onehealthempresa.com.br\/canal-de-vendas\/wp-content\/uploads\/2020\/07\/REDE-CREDENCIADA-AMIL-ONE.pdf\">Clique aqui para baixar o arquivo em PDF<\/a><\/p><\/object><\/p>\n\t\t<\/div>\n\t\t\t<\/div>\n\n\t\n<\/div>\n\t\t<\/div>\n\n\t\t\n<style>\n#section_6947827 {\n  padding-top: 60px;\n  padding-bottom: 60px;\n}\n#section_6947827 .section-bg-overlay {\n  background-color: rgb(255, 255, 255);\n}\n<\/style>\n\t<\/section>\n\t\n\t<section class=\"section dark\" id=\"section_1239406694\">\n\t\t<div class=\"bg section-bg fill bg-fill  \" >\n\n\t\t\t\n\t\t\t<div class=\"section-bg-overlay absolute fill\"><\/div>\n\t\t\t\n\n\t\t<\/div>\n\n\t\t<div class=\"section-content relative\">\n\t\t\t\n<span class=\"scroll-to\" data-label=\"Scroll to: #orcamento\" data-bullet=\"false\" data-link=\"#orcamento\" data-title=\"orcamento\"><a name=\"orcamento\"><\/a><\/span>\n<div class=\"row align-center hide-for-medium\"  id=\"row-53795192\">\n\n\t<div id=\"col-155254156\" class=\"col small-12 large-12\"  >\n\t\t<div class=\"col-inner text-center\"  >\n\t\t\t\n\t\t\t\n\t<div id=\"gap-92467030\" class=\"gap-element clearfix\" style=\"display:block; height:auto;\">\n\t\t\n<style>\n#gap-92467030 {\n  padding-top: 25px;\n}\n<\/style>\n\t<\/div>\n\t\n<h1 class=\"uppercase\" STYLE=\"MARGIN-BOTTOM: 30PX;\"><span style=\"font-size: 115%;\">cota\u00e7\u00e3o online<\/span><\/h1>\n<p><iframe src=\"https:\/\/onehealthempresa.com.br\/canal-de-vendas\/\/formulario-novo\" width=100% height=1050px frameBorder=0><\/iframe><\/p>\n\t\t<\/div>\n\t\t\t<\/div>\n\n\t\n<\/div>\n<div class=\"row align-center show-for-small\"  id=\"row-555463771\">\n\n\t<div id=\"col-1748235901\" class=\"col small-12 large-12\"  >\n\t\t<div class=\"col-inner text-center\"  >\n\t\t\t\n\t\t\t\n\t<div id=\"gap-199675706\" class=\"gap-element clearfix\" style=\"display:block; height:auto;\">\n\t\t\n<style>\n#gap-199675706 {\n  padding-top: 25px;\n}\n<\/style>\n\t<\/div>\n\t\n<h1 class=\"uppercase\" STYLE=\"MARGIN-BOTTOM: 30PX;\"><span style=\"font-size: 115%;\">cota\u00e7\u00e3o online<\/span><\/h1>\n<p><iframe src=\"https:\/\/onehealthempresa.com.br\/canal-de-vendas\/\/formulario-novo\" width=100% height=1350px frameBorder=0><\/iframe><\/p>\n\t\t<\/div>\n\t\t\t<\/div>\n\n\t\n<\/div>\n\t\t<\/div>\n\n\t\t\n<style>\n#section_1239406694 {\n  padding-top: 60px;\n  padding-bottom: 60px;\n}\n#section_1239406694 .section-bg-overlay {\n  background-color: rgba(0, 0, 0, 0.7);\n}\n#section_1239406694 .section-bg.bg-loaded {\n  background-image: url(https:\/\/onehealthempresa.com.br\/canal-de-vendas\/wp-content\/uploads\/2020\/06\/contato.png);\n}\n#section_1239406694 .section-bg {\n  background-position: 14% 5%;\n}\n<\/style>\n\t<\/section>\n\t\n","protected":false},"excerpt":{"rendered":"","protected":false},"author":1,"featured_media":0,"parent":0,"menu_order":0,"comment_status":"closed","ping_status":"closed","template":"page-blank.php","meta":{"footnotes":""},"class_list":["post-6","page","type-page","status-publish","hentry"],"_links":{"self":[{"href":"https:\/\/onehealthempresa.com.br\/canal-de-vendas\/wp-json\/wp\/v2\/pages\/6"}],"collection":[{"href":"https:\/\/onehealthempresa.com.br\/canal-de-vendas\/wp-json\/wp\/v2\/pages"}],"about":[{"href":"https:\/\/onehealthempresa.com.br\/canal-de-vendas\/wp-json\/wp\/v2\/types\/page"}],"author":[{"embeddable":true,"href":"https:\/\/onehealthempresa.com.br\/canal-de-vendas\/wp-json\/wp\/v2\/users\/1"}],"replies":[{"embeddable":true,"href":"https:\/\/onehealthempresa.com.br\/canal-de-vendas\/wp-json\/wp\/v2\/comments?post=6"}],"version-history":[{"count":58,"href":"https:\/\/onehealthempresa.com.br\/canal-de-vendas\/wp-json\/wp\/v2\/pages\/6\/revisions"}],"predecessor-version":[{"id":243,"href":"https:\/\/onehealthempresa.com.br\/canal-de-vendas\/wp-json\/wp\/v2\/pages\/6\/revisions\/243"}],"wp:attachment":[{"href":"https:\/\/onehealthempresa.com.br\/canal-de-vendas\/wp-json\/wp\/v2\/media?parent=6"}],"curies":[{"name":"wp","href":"https:\/\/api.w.org\/{rel}","templated":true}]}}